{"id":2,"date":"2013-04-02T03:03:32","date_gmt":"2013-04-02T03:03:32","guid":{"rendered":"http:\/\/poo.wp.xpkode.com\/?page_id=2"},"modified":"2013-04-02T03:50:41","modified_gmt":"2013-04-02T03:50:41","slug":"pagina-exemplo","status":"publish","type":"page","link":"http:\/\/poo.w3.pt\/?page_id=2","title":{"rendered":"Apresenta\u00e7\u00e3o"},"content":{"rendered":"<p>Conhecer os conceitos fundamentais da programa\u00e7\u00e3o orientada a objectos.<\/p>\n<p>Desenvolver programas em Java de complexidade m\u00e9dia.<\/p>\n<p>Compara\u00e7\u00e3o do Java com outras linguagens orientadas a objetos.<\/p>\n","protected":false},"excerpt":{"rendered":"<p>Conhecer os conceitos fundamentais da programa\u00e7\u00e3o orientada a objectos. Desenvolver programas em Java de complexidade m\u00e9dia. Compara\u00e7\u00e3o do Java com outras linguagens orientadas a objetos.<\/p>\n","protected":false},"author":1,"featured_media":0,"parent":0,"menu_order":0,"comment_status":"open","ping_status":"open","template":"","meta":{"footnotes":""},"_links":{"self":[{"href":"http:\/\/poo.w3.pt\/index.php?rest_route=\/wp\/v2\/pages\/2"}],"collection":[{"href":"http:\/\/poo.w3.pt\/index.php?rest_route=\/wp\/v2\/pages"}],"about":[{"href":"http:\/\/poo.w3.pt\/index.php?rest_route=\/wp\/v2\/types\/page"}],"author":[{"embeddable":true,"href":"http:\/\/poo.w3.pt\/index.php?rest_route=\/wp\/v2\/users\/1"}],"replies":[{"embeddable":true,"href":"http:\/\/poo.w3.pt\/index.php?rest_route=%2Fwp%2Fv2%2Fcomments&post=2"}],"version-history":[{"count":3,"href":"http:\/\/poo.w3.pt\/index.php?rest_route=\/wp\/v2\/pages\/2\/revisions"}],"predecessor-version":[{"id":6,"href":"http:\/\/poo.w3.pt\/index.php?rest_route=\/wp\/v2\/pages\/2\/revisions\/6"}],"wp:attachment":[{"href":"http:\/\/poo.w3.pt\/index.php?rest_route=%2Fwp%2Fv2%2Fmedia&parent=2"}],"curies":[{"name":"wp","href":"https:\/\/api.w.org\/{rel}","templated":true}]}}